{"id":2340,"date":"2026-04-06T12:50:16","date_gmt":"2026-04-06T12:50:16","guid":{"rendered":"https:\/\/berallure.com\/?post_type=product&#038;p=2340"},"modified":"2026-04-06T12:51:19","modified_gmt":"2026-04-06T12:51:19","slug":"levasion-tropicale-sorbet-rouge-baies-roses-biscuits","status":"publish","type":"product","link":"https:\/\/berallure.com\/fr\/product\/levasion-tropicale-sorbet-rouge-baies-roses-biscuits\/","title":{"rendered":"L&#8217;\u00c9vasion Tropicale &#8211; Sorbet rouge, Baies roses, Biscuits"},"content":{"rendered":"<p data-start=\"57\" data-end=\"87\"><strong data-start=\"57\" data-end=\"85\">Instructions de s\u00e9curit\u00e9<\/strong><\/p>\n<p data-start=\"89\" data-end=\"130\"><strong data-start=\"89\" data-end=\"128\">Entretien et s\u00e9curit\u00e9 des bougies :<\/strong><\/p>\n<ul data-start=\"131\" data-end=\"881\">\n<li data-section-id=\"13m0x9s\" data-start=\"131\" data-end=\"285\"><strong data-start=\"133\" data-end=\"150\">Pr\u00e9paration :<\/strong> Avant utilisation, retirez tout emballage ou \u00e9l\u00e9ment d\u00e9coratif si n\u00e9cessaire. Coupez la m\u00e8che \u00e0 environ 1\u202fcm avant chaque rallumage.<\/li>\n<li data-section-id=\"1j71ebg\" data-start=\"286\" data-end=\"417\"><strong data-start=\"288\" data-end=\"317\">Allumer avec pr\u00e9caution :<\/strong> Toujours placer sur une surface plane, stable et r\u00e9sistante \u00e0 la chaleur. Utilisez comme indiqu\u00e9.<\/li>\n<li data-section-id=\"14a8vvv\" data-start=\"418\" data-end=\"599\"><strong data-start=\"420\" data-end=\"445\">S\u00e9curit\u00e9 avant tout :<\/strong> Gardez une distance d\u2019au moins 10\u202fcm entre les bougies. Ne laissez jamais sans surveillance pr\u00e8s des enfants, des animaux ou de mat\u00e9riaux inflammables.<\/li>\n<li data-section-id=\"2rufct\" data-start=\"600\" data-end=\"810\"><strong data-start=\"602\" data-end=\"618\">Extinction :<\/strong> Ne d\u00e9placez pas une bougie allum\u00e9e. N\u2019\u00e9teignez pas avec de l\u2019eau \u2014 utilisez un \u00e9teignoir ou un dispositif anti-flammes appropri\u00e9. Assurez-vous que la surface de la cire est toujours propre.<\/li>\n<li data-section-id=\"1nfo0r\" data-start=\"811\" data-end=\"881\"><strong data-start=\"813\" data-end=\"840\">Entretien apr\u00e8s usage :<\/strong> A\u00e9rez bien la pi\u00e8ce apr\u00e8s utilisation.<\/li>\n<\/ul>\n<hr data-start=\"883\" data-end=\"886\" \/>\n<p data-start=\"888\" data-end=\"924\"><strong data-start=\"888\" data-end=\"922\">D\u00e9coration amusante et color\u00e9e<\/strong><\/p>\n<p data-start=\"926\" data-end=\"1071\">Un objet d\u00e9coratif mignon et \u00e9l\u00e9gant qui apporte une touche d\u00e9licieuse \u00e0 votre espace. Un incontournable pour une esth\u00e9tique int\u00e9rieure unique.<\/p>\n<hr data-start=\"1073\" data-end=\"1076\" \/>\n<p data-start=\"1078\" data-end=\"1098\"><strong data-start=\"1078\" data-end=\"1096\">Design sp\u00e9cial<\/strong><\/p>\n<p data-start=\"1100\" data-end=\"1354\">Contrairement aux bougies ordinaires en coquille, nos bols en noix de coco pr\u00e9sentent des fruits et bonbons en cire sculpt\u00e9s \u00e0 la main qui semblent absolument d\u00e9licieux\u202f! Ajoutez une touche de couleur \u00e0 votre pi\u00e8ce tout en profitant d\u2019une belle bougie.<\/p>\n<hr data-start=\"1356\" data-end=\"1359\" \/>\n<p data-start=\"1361\" data-end=\"1385\"><strong data-start=\"1361\" data-end=\"1383\">Mat\u00e9riaux naturels<\/strong><\/p>\n<p data-start=\"1387\" data-end=\"1581\">Vers\u00e9es avec soin dans de v\u00e9ritables coquilles de noix de coco pour un design vraiment unique. Nous utilisons de la cire de soja 100\u202f%, garantissant une combustion propre, lisse et sans fum\u00e9e.<\/p>\n<hr data-start=\"1583\" data-end=\"1586\" \/>\n<p data-start=\"1588\" data-end=\"1630\"><strong data-start=\"1588\" data-end=\"1628\">Pour toutes occasions &amp; cadeau id\u00e9al<\/strong><\/p>\n<p data-start=\"1632\" data-end=\"1855\">Faites-vous plaisir ou surprenez vos proches avec un accessoire unique qui apporte de la joie dans leur vie. Parfait pour les anniversaires, mariages ou toute occasion n\u00e9cessitant une source de lumi\u00e8re naturelle et belle.<\/p>\n","protected":false},"excerpt":{"rendered":"<p>Bien plus qu\u2019une simple d\u00e9coration\u202f; c\u2019est une invitation \u00e0 ralentir.<br \/>\nCette bougie est destin\u00e9e \u00e0 ceux qui souhaitent ajouter une touche de magie, de couleur et de confort \u00e0 leur quotidien. Que vous soyez amateur de design unique ou \u00e0 la recherche du cadeau parfait qui fera dire Wow\u202f!, nos bols en noix de coco sculpt\u00e9s sont faits pour vous.<\/p>\n","protected":false},"featured_media":753,"comment_status":"open","ping_status":"closed","template":"","meta":{"rs_blank_template":"","rs_page_bg_color":"","slide_template_v7":""},"product_brand":[],"product_cat":[20,74],"product_tag":[],"class_list":{"0":"post-2340","1":"product","2":"type-product","3":"status-publish","4":"has-post-thumbnail","6":"product_cat-candle-bowls","7":"product_cat-coconut-fruit-candle","9":"first","10":"instock","11":"shipping-taxable","12":"purchasable","13":"product-type-simple"},"_links":{"self":[{"href":"https:\/\/berallure.com\/fr\/wp-json\/wp\/v2\/product\/2340","targetHints":{"allow":["GET"]}}],"collection":[{"href":"https:\/\/berallure.com\/fr\/wp-json\/wp\/v2\/product"}],"about":[{"href":"https:\/\/berallure.com\/fr\/wp-json\/wp\/v2\/types\/product"}],"replies":[{"embeddable":true,"href":"https:\/\/berallure.com\/fr\/wp-json\/wp\/v2\/comments?post=2340"}],"wp:featuredmedia":[{"embeddable":true,"href":"https:\/\/berallure.com\/fr\/wp-json\/wp\/v2\/media\/753"}],"wp:attachment":[{"href":"https:\/\/berallure.com\/fr\/wp-json\/wp\/v2\/media?parent=2340"}],"wp:term":[{"taxonomy":"product_brand","embeddable":true,"href":"https:\/\/berallure.com\/fr\/wp-json\/wp\/v2\/product_brand?post=2340"},{"taxonomy":"product_cat","embeddable":true,"href":"https:\/\/berallure.com\/fr\/wp-json\/wp\/v2\/product_cat?post=2340"},{"taxonomy":"product_tag","embeddable":true,"href":"https:\/\/berallure.com\/fr\/wp-json\/wp\/v2\/product_tag?post=2340"}],"curies":[{"name":"wp","href":"https:\/\/api.w.org\/{rel}","templated":true}]}}